{"id":406,"date":"2023-08-24T03:47:11","date_gmt":"2023-08-24T03:47:11","guid":{"rendered":"https:\/\/www.canonesasdelacruz.org\/?page_id=406"},"modified":"2023-12-23T05:01:49","modified_gmt":"2023-12-23T05:01:49","slug":"nuestro-fin","status":"publish","type":"page","link":"https:\/\/www.canonesasdelacruz.org\/?page_id=406","title":{"rendered":"Nuestro Fin"},"content":{"rendered":"\t\t<div data-elementor-type=\"wp-page\" data-elementor-id=\"406\" class=\"elementor elementor-406\" data-elementor-post-type=\"page\">\n\t\t\t\t\t\t<section class=\"elementor-section elementor-top-section elementor-element elementor-element-7ff198f9 elementor-section-full_width elementor-section-height-min-height elementor-section-height-default elementor-section-items-middle\" data-id=\"7ff198f9\" data-element_type=\"section\" data-settings=\"{&quot;background_background&quot;:&quot;classic&quot;}\">\n\t\t\t\t\t\t\t<div class=\"elementor-background-overlay\"><\/div>\n\t\t\t\t\t\t\t<div class=\"elementor-container elementor-column-gap-default\">\n\t\t\t\t\t<div class=\"elementor-column elementor-col-100 elementor-top-column elementor-element elementor-element-55b4ca80\" data-id=\"55b4ca80\" data-element_type=\"column\">\n\t\t\t<div class=\"elementor-widget-wrap elementor-element-populated\">\n\t\t\t\t\t\t<section class=\"elementor-section elementor-inner-section elementor-element elementor-element-13fb7f14 elementor-section-boxed elementor-section-height-default elementor-section-height-default\" data-id=\"13fb7f14\" data-element_type=\"section\">\n\t\t\t\t\t\t<div class=\"elementor-container elementor-column-gap-default\">\n\t\t\t\t\t<div class=\"elementor-column elementor-col-50 elementor-inner-column elementor-element elementor-element-45871c31\" data-id=\"45871c31\" data-element_type=\"column\">\n\t\t\t<div class=\"elementor-widget-wrap elementor-element-populated\">\n\t\t\t\t\t\t<div class=\"elementor-element elementor-element-323492f elementor-widget elementor-widget-heading\" data-id=\"323492f\" data-element_type=\"widget\" data-widget_type=\"heading.default\">\n\t\t\t\t<div class=\"elementor-widget-container\">\n\t\t\t\t\t<h1 class=\"elementor-heading-title elementor-size-default\">Madre Teresa sigue\nal Crucificado<\/h1>\t\t\t\t<\/div>\n\t\t\t\t<\/div>\n\t\t\t\t\t<\/div>\n\t\t<\/div>\n\t\t\t\t<div class=\"elementor-column elementor-col-50 elementor-inner-column elementor-element elementor-element-4367fb56\" data-id=\"4367fb56\" data-element_type=\"column\">\n\t\t\t<div class=\"elementor-widget-wrap elementor-element-populated\">\n\t\t\t\t\t\t<div class=\"elementor-element elementor-element-7fb68f1e elementor-widget__width-initial elementor-widget elementor-widget-image\" data-id=\"7fb68f1e\" data-element_type=\"widget\" data-widget_type=\"image.default\">\n\t\t\t\t<div class=\"elementor-widget-container\">\n\t\t\t\t\t\t\t\t\t\t\t\t\t\t\t<img decoding=\"async\" width=\"150\" height=\"150\" src=\"https:\/\/www.canonesasdelacruz.org\/wp-content\/uploads\/2023\/08\/LOGO_redpndo-blanco-150x150.png\" class=\"attachment-thumbnail size-thumbnail wp-image-264\" alt=\"\" srcset=\"https:\/\/www.canonesasdelacruz.org\/wp-content\/uploads\/2023\/08\/LOGO_redpndo-blanco-150x150.png 150w, https:\/\/www.canonesasdelacruz.org\/wp-content\/uploads\/2023\/08\/LOGO_redpndo-blanco-298x300.png 298w, https:\/\/www.canonesasdelacruz.org\/wp-content\/uploads\/2023\/08\/LOGO_redpndo-blanco-1018x1024.png 1018w, https:\/\/www.canonesasdelacruz.org\/wp-content\/uploads\/2023\/08\/LOGO_redpndo-blanco-768x772.png 768w, https:\/\/www.canonesasdelacruz.org\/wp-content\/uploads\/2023\/08\/LOGO_redpndo-blanco-1527x1536.png 1527w, https:\/\/www.canonesasdelacruz.org\/wp-content\/uploads\/2023\/08\/LOGO_redpndo-blanco-2036x2048.png 2036w\" sizes=\"(max-width: 150px) 100vw, 150px\" \/>\t\t\t\t\t\t\t\t\t\t\t\t\t\t\t<\/div>\n\t\t\t\t<\/div>\n\t\t\t\t\t<\/div>\n\t\t<\/div>\n\t\t\t\t\t<\/div>\n\t\t<\/section>\n\t\t\t\t\t<\/div>\n\t\t<\/div>\n\t\t\t\t\t<\/div>\n\t\t<\/section>\n\t\t\t\t<section class=\"elementor-section elementor-top-section elementor-element elementor-element-630be64f elementor-section-full_width elementor-section-height-default elementor-section-height-default\" data-id=\"630be64f\" data-element_type=\"section\">\n\t\t\t\t\t\t\t<div class=\"elementor-background-overlay\"><\/div>\n\t\t\t\t\t\t\t<div class=\"elementor-container elementor-column-gap-default\">\n\t\t\t\t\t<div class=\"elementor-column elementor-col-100 elementor-top-column elementor-element elementor-element-73165c92\" data-id=\"73165c92\" data-element_type=\"column\" data-settings=\"{&quot;background_background&quot;:&quot;classic&quot;}\">\n\t\t\t<div class=\"elementor-widget-wrap elementor-element-populated\">\n\t\t\t\t\t\t<div class=\"elementor-element elementor-element-3d1ac869 elementor-widget elementor-widget-spacer\" data-id=\"3d1ac869\" data-element_type=\"widget\" data-widget_type=\"spacer.default\">\n\t\t\t\t<div class=\"elementor-widget-container\">\n\t\t\t\t\t\t\t<div class=\"elementor-spacer\">\n\t\t\t<div class=\"elementor-spacer-inner\"><\/div>\n\t\t<\/div>\n\t\t\t\t\t\t<\/div>\n\t\t\t\t<\/div>\n\t\t\t\t\t<\/div>\n\t\t<\/div>\n\t\t\t\t\t<\/div>\n\t\t<\/section>\n\t\t\t\t<section class=\"elementor-section elementor-top-section elementor-element elementor-element-b46dd54 elementor-section-boxed elementor-section-height-default elementor-section-height-default\" data-id=\"b46dd54\" data-element_type=\"section\">\n\t\t\t\t\t\t\t<div class=\"elementor-background-overlay\"><\/div>\n\t\t\t\t\t\t\t<div class=\"elementor-container elementor-column-gap-default\">\n\t\t\t\t\t<div class=\"elementor-column elementor-col-100 elementor-top-column elementor-element elementor-element-72db63a\" data-id=\"72db63a\" data-element_type=\"column\">\n\t\t\t<div class=\"elementor-widget-wrap elementor-element-populated\">\n\t\t\t\t\t\t<section class=\"elementor-section elementor-inner-section elementor-element elementor-element-409860f elementor-section-boxed elementor-section-height-default elementor-section-height-default\" data-id=\"409860f\" data-element_type=\"section\">\n\t\t\t\t\t\t<div class=\"elementor-container elementor-column-gap-default\">\n\t\t\t\t\t<div class=\"elementor-column elementor-col-50 elementor-inner-column elementor-element elementor-element-4d4fd45\" data-id=\"4d4fd45\" data-element_type=\"column\">\n\t\t\t<div class=\"elementor-widget-wrap\">\n\t\t\t\t\t\t\t<\/div>\n\t\t<\/div>\n\t\t\t\t<div class=\"elementor-column elementor-col-50 elementor-inner-column elementor-element elementor-element-297fe41\" data-id=\"297fe41\" data-element_type=\"column\">\n\t\t\t<div class=\"elementor-widget-wrap\">\n\t\t\t\t\t\t\t<\/div>\n\t\t<\/div>\n\t\t\t\t\t<\/div>\n\t\t<\/section>\n\t\t\t\t<section class=\"elementor-section elementor-inner-section elementor-element elementor-element-a9170a7 elementor-section-boxed elementor-section-height-default elementor-section-height-default\" data-id=\"a9170a7\" data-element_type=\"section\">\n\t\t\t\t\t\t<div class=\"elementor-container elementor-column-gap-default\">\n\t\t\t\t\t<div class=\"elementor-column elementor-col-50 elementor-inner-column elementor-element elementor-element-316e0bf\" data-id=\"316e0bf\" data-element_type=\"column\">\n\t\t\t<div class=\"elementor-widget-wrap elementor-element-populated\">\n\t\t\t\t\t\t<div class=\"elementor-element elementor-element-62cf6b1 elementor-widget elementor-widget-spacer\" data-id=\"62cf6b1\" data-element_type=\"widget\" data-widget_type=\"spacer.default\">\n\t\t\t\t<div class=\"elementor-widget-container\">\n\t\t\t\t\t\t\t<div class=\"elementor-spacer\">\n\t\t\t<div class=\"elementor-spacer-inner\"><\/div>\n\t\t<\/div>\n\t\t\t\t\t\t<\/div>\n\t\t\t\t<\/div>\n\t\t\t\t<div class=\"elementor-element elementor-element-b57b2ef elementor-widget elementor-widget-text-editor\" data-id=\"b57b2ef\" data-element_type=\"widget\" data-widget_type=\"text-editor.default\">\n\t\t\t\t<div class=\"elementor-widget-container\">\n\t\t\t\t\t\t\t\t\t<p>Nuestro Fin<\/p>\t\t\t\t\t\t\t\t<\/div>\n\t\t\t\t<\/div>\n\t\t\t\t<div class=\"elementor-element elementor-element-5e49f3b elementor-widget elementor-widget-text-editor\" data-id=\"5e49f3b\" data-element_type=\"widget\" id=\"NuestroFin\" data-widget_type=\"text-editor.default\">\n\t\t\t\t<div class=\"elementor-widget-container\">\n\t\t\t\t\t\t\t\t\t<p><span style=\"font-weight: 400;\">Desde los inicios de la experiencia de Teresa, Dios va se\u00f1alando un fin espec\u00edfico:\u00a0<\/span><\/p><p><em><span style=\"font-weight: 400;\">\u201c<\/span><\/em><span style=\"font-weight: 400;\"><em>Cay\u00f3 a mis manos el libro del Padre Tissot: \u00abLa Vida Interior\u00bb. Lo le\u00ed con avidez encontrando en \u00e9l la espiritualidad que conven\u00eda a mi esp\u00edritu y su lectura orient\u00f3 m\u00e1s mi esp\u00edritu hacia el \u00fanico fin para el cual hemos sido creados, tambi\u00e9n de una manera definitiva\u201d<\/em>. <\/span><\/p><p><span style=\"font-weight: 400;\">Es interesante que nuestra Madre, a\u00fan seglar manifieste que aqu\u00ed se encuentra la espiritualidad que le conven\u00eda, el libro del P. Tissot le abre todo un horizonte en el que Teresa entiende que estamos creados para alabar a Dios y que por ello, vale la pena entregarle todo.<\/span><\/p><p><span style=\"font-weight: 400;\">As\u00ed, el fin de nuestra Familia Religiosa es:<\/span><\/p><p><em><strong>El fin de la Obra ser\u00e1, alcanzar la propia santificaci\u00f3n en la observancia de la vida religiosa y la extensi\u00f3n del reino de Jesucristo por medio de la oraci\u00f3n, del sacrificio y del apostolado, ayudando al clero, especialmente al clero parroquial, en las obras apost\u00f3licas (La Obra de la Cruz, #3)<\/strong><\/em><\/p>\t\t\t\t\t\t\t\t<\/div>\n\t\t\t\t<\/div>\n\t\t\t\t\t<\/div>\n\t\t<\/div>\n\t\t\t\t<div class=\"elementor-column elementor-col-50 elementor-inner-column elementor-element elementor-element-6b3d30e\" data-id=\"6b3d30e\" data-element_type=\"column\">\n\t\t\t<div class=\"elementor-widget-wrap elementor-element-populated\">\n\t\t\t\t\t\t<div class=\"elementor-element elementor-element-675ba19 elementor-widget elementor-widget-spacer\" data-id=\"675ba19\" data-element_type=\"widget\" data-widget_type=\"spacer.default\">\n\t\t\t\t<div class=\"elementor-widget-container\">\n\t\t\t\t\t\t\t<div class=\"elementor-spacer\">\n\t\t\t<div class=\"elementor-spacer-inner\"><\/div>\n\t\t<\/div>\n\t\t\t\t\t\t<\/div>\n\t\t\t\t<\/div>\n\t\t\t\t<div class=\"elementor-element elementor-element-11f890de elementor-widget elementor-widget-image\" data-id=\"11f890de\" data-element_type=\"widget\" data-widget_type=\"image.default\">\n\t\t\t\t<div class=\"elementor-widget-container\">\n\t\t\t\t\t\t\t\t\t\t\t\t\t\t\t<img fetchpriority=\"high\" decoding=\"async\" width=\"384\" height=\"384\" src=\"https:\/\/www.canonesasdelacruz.org\/wp-content\/uploads\/2023\/08\/cropped-alassio.jpg\" class=\"attachment-2048x2048 size-2048x2048 wp-image-59\" alt=\"\" srcset=\"https:\/\/www.canonesasdelacruz.org\/wp-content\/uploads\/2023\/08\/cropped-alassio.jpg 384w, https:\/\/www.canonesasdelacruz.org\/wp-content\/uploads\/2023\/08\/cropped-alassio-300x300.jpg 300w, https:\/\/www.canonesasdelacruz.org\/wp-content\/uploads\/2023\/08\/cropped-alassio-150x150.jpg 150w, https:\/\/www.canonesasdelacruz.org\/wp-content\/uploads\/2023\/08\/elementor\/thumbs\/cropped-alassio-150x150.jpg 600w\" sizes=\"(max-width: 384px) 100vw, 384px\" \/>\t\t\t\t\t\t\t\t\t\t\t\t\t\t\t<\/div>\n\t\t\t\t<\/div>\n\t\t\t\t\t<\/div>\n\t\t<\/div>\n\t\t\t\t\t<\/div>\n\t\t<\/section>\n\t\t\t\t<div class=\"elementor-element elementor-element-75e9340 elementor-widget elementor-widget-spacer\" data-id=\"75e9340\" data-element_type=\"widget\" data-widget_type=\"spacer.default\">\n\t\t\t\t<div class=\"elementor-widget-container\">\n\t\t\t\t\t\t\t<div class=\"elementor-spacer\">\n\t\t\t<div class=\"elementor-spacer-inner\"><\/div>\n\t\t<\/div>\n\t\t\t\t\t\t<\/div>\n\t\t\t\t<\/div>\n\t\t\t\t<section class=\"elementor-section elementor-inner-section elementor-element elementor-element-b25dac7 elementor-section-boxed elementor-section-height-default elementor-section-height-default\" data-id=\"b25dac7\" data-element_type=\"section\">\n\t\t\t\t\t\t<div class=\"elementor-container elementor-column-gap-default\">\n\t\t\t\t\t<div class=\"elementor-column elementor-col-50 elementor-inner-column elementor-element elementor-element-77a1814\" data-id=\"77a1814\" data-element_type=\"column\">\n\t\t\t<div class=\"elementor-widget-wrap elementor-element-populated\">\n\t\t\t\t\t\t<div class=\"elementor-element elementor-element-beee18f elementor-button-info elementor-align-right elementor-widget__width-initial elementor-widget elementor-widget-button\" data-id=\"beee18f\" data-element_type=\"widget\" data-widget_type=\"button.default\">\n\t\t\t\t<div class=\"elementor-widget-container\">\n\t\t\t\t\t\t\t\t\t<div class=\"elementor-button-wrapper\">\n\t\t\t\t\t<a class=\"elementor-button elementor-button-link elementor-size-md elementor-animation-grow\" href=\"https:\/\/www.canonesasdelacruz.org\/?page_id=383\">\n\t\t\t\t\t\t<span class=\"elementor-button-content-wrapper\">\n\t\t\t\t\t\t<span class=\"elementor-button-icon\">\n\t\t\t\t<i aria-hidden=\"true\" class=\"far fa-arrow-alt-circle-left\"><\/i>\t\t\t<\/span>\n\t\t\t\t\t\t\t\t\t<span class=\"elementor-button-text\">Carisma<\/span>\n\t\t\t\t\t<\/span>\n\t\t\t\t\t<\/a>\n\t\t\t\t<\/div>\n\t\t\t\t\t\t\t\t<\/div>\n\t\t\t\t<\/div>\n\t\t\t\t\t<\/div>\n\t\t<\/div>\n\t\t\t\t<div class=\"elementor-column elementor-col-50 elementor-inner-column elementor-element elementor-element-e8a995a\" data-id=\"e8a995a\" data-element_type=\"column\">\n\t\t\t<div class=\"elementor-widget-wrap elementor-element-populated\">\n\t\t\t\t\t\t<div class=\"elementor-element elementor-element-7259225 elementor-button-info elementor-widget__width-initial elementor-widget elementor-widget-button\" data-id=\"7259225\" data-element_type=\"widget\" data-widget_type=\"button.default\">\n\t\t\t\t<div class=\"elementor-widget-container\">\n\t\t\t\t\t\t\t\t\t<div class=\"elementor-button-wrapper\">\n\t\t\t\t\t<a class=\"elementor-button elementor-button-link elementor-size-md elementor-animation-grow\" href=\"https:\/\/www.canonesasdelacruz.org\/?page_id=705\">\n\t\t\t\t\t\t<span class=\"elementor-button-content-wrapper\">\n\t\t\t\t\t\t<span class=\"elementor-button-icon\">\n\t\t\t\t<i aria-hidden=\"true\" class=\"far fa-arrow-alt-circle-right\"><\/i>\t\t\t<\/span>\n\t\t\t\t\t\t\t\t\t<span class=\"elementor-button-text\">Apostolado <\/span>\n\t\t\t\t\t<\/span>\n\t\t\t\t\t<\/a>\n\t\t\t\t<\/div>\n\t\t\t\t\t\t\t\t<\/div>\n\t\t\t\t<\/div>\n\t\t\t\t\t<\/div>\n\t\t<\/div>\n\t\t\t\t\t<\/div>\n\t\t<\/section>\n\t\t\t\t<div class=\"elementor-element elementor-element-04c4bb0 elementor-widget elementor-widget-spacer\" data-id=\"04c4bb0\" data-element_type=\"widget\" data-widget_type=\"spacer.default\">\n\t\t\t\t<div class=\"elementor-widget-container\">\n\t\t\t\t\t\t\t<div class=\"elementor-spacer\">\n\t\t\t<div class=\"elementor-spacer-inner\"><\/div>\n\t\t<\/div>\n\t\t\t\t\t\t<\/div>\n\t\t\t\t<\/div>\n\t\t\t\t\t<\/div>\n\t\t<\/div>\n\t\t\t\t\t<\/div>\n\t\t<\/section>\n\t\t\t\t<\/div>\n\t\t","protected":false},"excerpt":{"rendered":"<p>Madre Teresa sigue al Crucificado Nuestro Fin Desde los inicios de la experiencia de Teresa, Dios va se\u00f1alando un fin espec\u00edfico:\u00a0 \u201cCay\u00f3 a mis manos el libro del Padre Tissot: \u00abLa Vida Interior\u00bb. Lo le\u00ed con avidez encontrando en \u00e9l la espiritualidad que conven\u00eda a mi esp\u00edritu y su lectura orient\u00f3 m\u00e1s mi esp\u00edritu hacia [&hellip;]<\/p>\n","protected":false},"author":1,"featured_media":0,"parent":0,"menu_order":0,"comment_status":"closed","ping_status":"closed","template":"","meta":{"footnotes":""},"class_list":["post-406","page","type-page","status-publish","hentry"],"_links":{"self":[{"href":"https:\/\/www.canonesasdelacruz.org\/index.php?rest_route=\/wp\/v2\/pages\/406","targetHints":{"allow":["GET"]}}],"collection":[{"href":"https:\/\/www.canonesasdelacruz.org\/index.php?rest_route=\/wp\/v2\/pages"}],"about":[{"href":"https:\/\/www.canonesasdelacruz.org\/index.php?rest_route=\/wp\/v2\/types\/page"}],"author":[{"embeddable":true,"href":"https:\/\/www.canonesasdelacruz.org\/index.php?rest_route=\/wp\/v2\/users\/1"}],"replies":[{"embeddable":true,"href":"https:\/\/www.canonesasdelacruz.org\/index.php?rest_route=%2Fwp%2Fv2%2Fcomments&post=406"}],"version-history":[{"count":44,"href":"https:\/\/www.canonesasdelacruz.org\/index.php?rest_route=\/wp\/v2\/pages\/406\/revisions"}],"predecessor-version":[{"id":1589,"href":"https:\/\/www.canonesasdelacruz.org\/index.php?rest_route=\/wp\/v2\/pages\/406\/revisions\/1589"}],"wp:attachment":[{"href":"https:\/\/www.canonesasdelacruz.org\/index.php?rest_route=%2Fwp%2Fv2%2Fmedia&parent=406"}],"curies":[{"name":"wp","href":"https:\/\/api.w.org\/{rel}","templated":true}]}}