{"id":823,"date":"2023-09-14T21:55:53","date_gmt":"2023-09-14T21:55:53","guid":{"rendered":"https:\/\/www.canonesasdelacruz.org\/?page_id=823"},"modified":"2023-09-20T04:00:22","modified_gmt":"2023-09-20T04:00:22","slug":"catequesis","status":"publish","type":"page","link":"https:\/\/www.canonesasdelacruz.org\/?page_id=823","title":{"rendered":"Catequesis"},"content":{"rendered":"\t\t<div data-elementor-type=\"wp-page\" data-elementor-id=\"823\" class=\"elementor elementor-823\" data-elementor-post-type=\"page\">\n\t\t\t\t\t\t<section class=\"elementor-section elementor-top-section elementor-element elementor-element-7dc93385 elementor-section-full_width elementor-section-height-min-height elementor-section-height-default elementor-section-items-middle\" data-id=\"7dc93385\" data-element_type=\"section\" data-settings=\"{&quot;background_background&quot;:&quot;classic&quot;}\">\n\t\t\t\t\t\t\t<div class=\"elementor-background-overlay\"><\/div>\n\t\t\t\t\t\t\t<div class=\"elementor-container elementor-column-gap-default\">\n\t\t\t\t\t<div class=\"elementor-column elementor-col-100 elementor-top-column elementor-element elementor-element-a23814d\" data-id=\"a23814d\" data-element_type=\"column\">\n\t\t\t<div class=\"elementor-widget-wrap elementor-element-populated\">\n\t\t\t\t\t\t<section class=\"elementor-section elementor-inner-section elementor-element elementor-element-66a461b3 elementor-section-boxed elementor-section-height-default elementor-section-height-default\" data-id=\"66a461b3\" data-element_type=\"section\">\n\t\t\t\t\t\t<div class=\"elementor-container elementor-column-gap-default\">\n\t\t\t\t\t<div class=\"elementor-column elementor-col-50 elementor-inner-column elementor-element elementor-element-3a91acec\" data-id=\"3a91acec\" data-element_type=\"column\">\n\t\t\t<div class=\"elementor-widget-wrap elementor-element-populated\">\n\t\t\t\t\t\t<div class=\"elementor-element elementor-element-c1205f8 elementor-widget elementor-widget-heading\" data-id=\"c1205f8\" data-element_type=\"widget\" data-widget_type=\"heading.default\">\n\t\t\t\t<div class=\"elementor-widget-container\">\n\t\t\t\t\t<h1 class=\"elementor-heading-title elementor-size-default\">Acciones en el Siglo XXI<\/h1>\t\t\t\t<\/div>\n\t\t\t\t<\/div>\n\t\t\t\t\t<\/div>\n\t\t<\/div>\n\t\t\t\t<div class=\"elementor-column elementor-col-50 elementor-inner-column elementor-element elementor-element-75039cc4\" data-id=\"75039cc4\" data-element_type=\"column\">\n\t\t\t<div class=\"elementor-widget-wrap elementor-element-populated\">\n\t\t\t\t\t\t<div class=\"elementor-element elementor-element-7a402d5e elementor-widget__width-initial elementor-widget elementor-widget-image\" data-id=\"7a402d5e\" data-element_type=\"widget\" data-widget_type=\"image.default\">\n\t\t\t\t<div class=\"elementor-widget-container\">\n\t\t\t\t\t\t\t\t\t\t\t\t\t\t\t<img decoding=\"async\" width=\"150\" height=\"150\" src=\"https:\/\/www.canonesasdelacruz.org\/wp-content\/uploads\/2023\/08\/LOGO_redpndo-blanco-150x150.png\" class=\"attachment-thumbnail size-thumbnail wp-image-264\" alt=\"\" srcset=\"https:\/\/www.canonesasdelacruz.org\/wp-content\/uploads\/2023\/08\/LOGO_redpndo-blanco-150x150.png 150w, https:\/\/www.canonesasdelacruz.org\/wp-content\/uploads\/2023\/08\/LOGO_redpndo-blanco-298x300.png 298w, https:\/\/www.canonesasdelacruz.org\/wp-content\/uploads\/2023\/08\/LOGO_redpndo-blanco-1018x1024.png 1018w, https:\/\/www.canonesasdelacruz.org\/wp-content\/uploads\/2023\/08\/LOGO_redpndo-blanco-768x772.png 768w, https:\/\/www.canonesasdelacruz.org\/wp-content\/uploads\/2023\/08\/LOGO_redpndo-blanco-1527x1536.png 1527w, https:\/\/www.canonesasdelacruz.org\/wp-content\/uploads\/2023\/08\/LOGO_redpndo-blanco-2036x2048.png 2036w\" sizes=\"(max-width: 150px) 100vw, 150px\" \/>\t\t\t\t\t\t\t\t\t\t\t\t\t\t\t<\/div>\n\t\t\t\t<\/div>\n\t\t\t\t\t<\/div>\n\t\t<\/div>\n\t\t\t\t\t<\/div>\n\t\t<\/section>\n\t\t\t\t\t<\/div>\n\t\t<\/div>\n\t\t\t\t\t<\/div>\n\t\t<\/section>\n\t\t\t\t<section class=\"elementor-section elementor-top-section elementor-element elementor-element-5267424f elementor-section-full_width elementor-section-height-default elementor-section-height-default\" data-id=\"5267424f\" data-element_type=\"section\">\n\t\t\t\t\t\t\t<div class=\"elementor-background-overlay\"><\/div>\n\t\t\t\t\t\t\t<div class=\"elementor-container elementor-column-gap-default\">\n\t\t\t\t\t<div class=\"elementor-column elementor-col-100 elementor-top-column elementor-element elementor-element-6b1571dc\" data-id=\"6b1571dc\" data-element_type=\"column\" data-settings=\"{&quot;background_background&quot;:&quot;classic&quot;}\">\n\t\t\t<div class=\"elementor-widget-wrap elementor-element-populated\">\n\t\t\t\t\t\t<div class=\"elementor-element elementor-element-b195950 elementor-widget elementor-widget-spacer\" data-id=\"b195950\" data-element_type=\"widget\" data-widget_type=\"spacer.default\">\n\t\t\t\t<div class=\"elementor-widget-container\">\n\t\t\t\t\t\t\t<div class=\"elementor-spacer\">\n\t\t\t<div class=\"elementor-spacer-inner\"><\/div>\n\t\t<\/div>\n\t\t\t\t\t\t<\/div>\n\t\t\t\t<\/div>\n\t\t\t\t\t<\/div>\n\t\t<\/div>\n\t\t\t\t\t<\/div>\n\t\t<\/section>\n\t\t\t\t<section class=\"elementor-section elementor-top-section elementor-element elementor-element-4d339a82 elementor-section-boxed elementor-section-height-default elementor-section-height-default\" data-id=\"4d339a82\" data-element_type=\"section\" data-settings=\"{&quot;shape_divider_bottom&quot;:&quot;book&quot;}\">\n\t\t\t\t\t\t\t<div class=\"elementor-background-overlay\"><\/div>\n\t\t\t\t\t\t<div class=\"elementor-shape elementor-shape-bottom\" aria-hidden=\"true\" data-negative=\"false\">\n\t\t\t<svg xmlns=\"http:\/\/www.w3.org\/2000\/svg\" viewBox=\"0 0 1000 100\" preserveAspectRatio=\"none\">\n\t<path class=\"elementor-shape-fill\" d=\"M194,99c186.7,0.7,305-78.3,306-97.2c1,18.9,119.3,97.9,306,97.2c114.3-0.3,194,0.3,194,0.3s0-91.7,0-100c0,0,0,0,0-0 L0,0v99.3C0,99.3,79.7,98.7,194,99z\"\/>\n<\/svg>\t\t<\/div>\n\t\t\t\t\t<div class=\"elementor-container elementor-column-gap-default\">\n\t\t\t\t\t<div class=\"elementor-column elementor-col-50 elementor-top-column elementor-element elementor-element-2c142b89\" data-id=\"2c142b89\" data-element_type=\"column\">\n\t\t\t<div class=\"elementor-widget-wrap elementor-element-populated\">\n\t\t\t\t\t\t<section class=\"elementor-section elementor-inner-section elementor-element elementor-element-2a91aee elementor-section-boxed elementor-section-height-default elementor-section-height-default\" data-id=\"2a91aee\" data-element_type=\"section\">\n\t\t\t\t\t\t<div class=\"elementor-container elementor-column-gap-default\">\n\t\t\t\t\t<div class=\"elementor-column elementor-col-100 elementor-inner-column elementor-element elementor-element-3ec928c9\" data-id=\"3ec928c9\" data-element_type=\"column\">\n\t\t\t<div class=\"elementor-widget-wrap elementor-element-populated\">\n\t\t\t\t\t\t<div class=\"elementor-element elementor-element-6bb2aec1 elementor-widget elementor-widget-spacer\" data-id=\"6bb2aec1\" data-element_type=\"widget\" data-widget_type=\"spacer.default\">\n\t\t\t\t<div class=\"elementor-widget-container\">\n\t\t\t\t\t\t\t<div class=\"elementor-spacer\">\n\t\t\t<div class=\"elementor-spacer-inner\"><\/div>\n\t\t<\/div>\n\t\t\t\t\t\t<\/div>\n\t\t\t\t<\/div>\n\t\t\t\t<div class=\"elementor-element elementor-element-2f656a06 elementor-widget elementor-widget-heading\" data-id=\"2f656a06\" data-element_type=\"widget\" data-widget_type=\"heading.default\">\n\t\t\t\t<div class=\"elementor-widget-container\">\n\t\t\t\t\t<h2 class=\"elementor-heading-title elementor-size-default\">CATEQUESIS<\/h2>\t\t\t\t<\/div>\n\t\t\t\t<\/div>\n\t\t\t\t\t<\/div>\n\t\t<\/div>\n\t\t\t\t\t<\/div>\n\t\t<\/section>\n\t\t\t\t<div class=\"elementor-element elementor-element-377bd4c0 elementor-widget elementor-widget-spacer\" data-id=\"377bd4c0\" data-element_type=\"widget\" data-widget_type=\"spacer.default\">\n\t\t\t\t<div class=\"elementor-widget-container\">\n\t\t\t\t\t\t\t<div class=\"elementor-spacer\">\n\t\t\t<div class=\"elementor-spacer-inner\"><\/div>\n\t\t<\/div>\n\t\t\t\t\t\t<\/div>\n\t\t\t\t<\/div>\n\t\t\t\t<div class=\"elementor-element elementor-element-571786c9 elementor-widget__width-initial elementor-widget elementor-widget-text-editor\" data-id=\"571786c9\" data-element_type=\"widget\" id=\"Carisma\" data-widget_type=\"text-editor.default\">\n\t\t\t\t<div class=\"elementor-widget-container\">\n\t\t\t\t\t\t\t\t\t<p>Desde el inicio de nuestra Familia religiosa nos encontramos con que la manera en que Teresa y sus posteriores compa\u00f1eras extendieron el Reino de Jesucristo fue la <strong>Catequesis<\/strong>. A lo largo de los a\u00f1os 1907 a 1919, Teresa y su hermana Mar\u00eda fueron insignes Catequistas de la Parroquia \u201cEl Sagrario\u201d del centro de Lima, desde su llegada de Europa, les sorprendi\u00f3 el llamado del Padre Eugenio Hengbarth, sacerdote redentorista qui\u00e9n les abri\u00f3 todo un mundo de gracia a trav\u00e9s de la Catequesis, siendo muy conocidas en el medio lime\u00f1o por la labor de Catequistas que, en el territorio del centro de Lima, realizaban Teresa y su grupo de \u201cHermanitas\u00bb.<br \/>La Catequesis es uno de los fines por los cuales nuestra Madre funda nuestra Congregaci\u00f3n, como ella misma lo escribe al Cardenal Pietro Gasparri en 1914:<br \/>Se trata de la fundaci\u00f3n de una Congregaci\u00f3n de religiosas cuya misi\u00f3n consistir\u00e1 en ayudar al clero parroquial en los Catecismos, preparando a la primera comuni\u00f3n, patronatos, etc. (\u2026) Hemos visto tambi\u00e9n cuan indispensable es para los p\u00e1rrocos la cooperaci\u00f3n asidua, constante y segura de las Srtas. Catequistas, sin cuyo concurso toda su abnegaci\u00f3n y celo resultar\u00edan casi est\u00e9riles.<br \/>Por otro lado, tambi\u00e9n hemos constatado la necesidad de acudir a la instrucci\u00f3n del pueblo, no solo en las parroquias u otras iglesias sino en sus propios hogares porque la ignorancia de los padres hace muy dif\u00edcil la catequizaci\u00f3n de los hijos, pues dejan al arbitrio de los ni\u00f1os la asistencia al Catecismo.<\/p>\t\t\t\t\t\t\t\t<\/div>\n\t\t\t\t<\/div>\n\t\t\t\t\t<\/div>\n\t\t<\/div>\n\t\t\t\t<div class=\"elementor-column elementor-col-50 elementor-top-column elementor-element elementor-element-6fe5c312\" data-id=\"6fe5c312\" data-element_type=\"column\">\n\t\t\t<div class=\"elementor-widget-wrap elementor-element-populated\">\n\t\t\t\t\t\t<div class=\"elementor-element elementor-element-65ce3c7b elementor-widget elementor-widget-spacer\" data-id=\"65ce3c7b\" data-element_type=\"widget\" data-widget_type=\"spacer.default\">\n\t\t\t\t<div class=\"elementor-widget-container\">\n\t\t\t\t\t\t\t<div class=\"elementor-spacer\">\n\t\t\t<div class=\"elementor-spacer-inner\"><\/div>\n\t\t<\/div>\n\t\t\t\t\t\t<\/div>\n\t\t\t\t<\/div>\n\t\t\t\t\t<\/div>\n\t\t<\/div>\n\t\t\t\t\t<\/div>\n\t\t<\/section>\n\t\t\t\t<section class=\"elementor-section elementor-top-section elementor-element elementor-element-574c4bf2 elementor-section-boxed elementor-section-height-default elementor-section-height-default\" data-id=\"574c4bf2\" data-element_type=\"section\">\n\t\t\t\t\t\t<div class=\"elementor-container elementor-column-gap-default\">\n\t\t\t\t\t<div class=\"elementor-column elementor-col-50 elementor-top-column elementor-element elementor-element-53f4f256\" data-id=\"53f4f256\" data-element_type=\"column\">\n\t\t\t<div class=\"elementor-widget-wrap elementor-element-populated\">\n\t\t\t\t\t\t<div class=\"elementor-element elementor-element-1b71c8fd elementor-widget__width-initial elementor-widget elementor-widget-text-editor\" data-id=\"1b71c8fd\" data-element_type=\"widget\" data-widget_type=\"text-editor.default\">\n\t\t\t\t<div class=\"elementor-widget-container\">\n\t\t\t\t\t\t\t\t\t<p>Como consta en las Cr\u00f3nicas de la Hermandad de la Cruz del a\u00f1o 1914, todas las hermanas colaboraban en los trabajos de la Catequesis, que en ese tiempo se realizaban en Lima, ya sea como catequistas, como organizadoras de la Catequesis, visitando enfermos o participando de las Obras de la Propagaci\u00f3n de la Fe, las diferentes \u201cHermanitas\u201d iban asumiendo la pr\u00e1ctica de lo que iba a ser despu\u00e9s la acci\u00f3n pastoral propia de la Congregaci\u00f3n, siempre viviendo los \u201csignos de los tiempos\u201d como manifestaci\u00f3n de la novedad que el misterio de la Cruz propone a Teresa y que ella, como cabeza del grupo, trasmite a las \u201cHermanitas\u201d.<\/p><p>Luego, al hacerse realidad la fundaci\u00f3n de nuestra Congregaci\u00f3n, despu\u00e9s del a\u00f1o de formaci\u00f3n en Villacampa, empiezan las labores apost\u00f3licas, primero en el mismo local de Villacampa, despu\u00e9s, estando ya en \u201cEl Prado\u201d, acudiendo a las casas de los m\u00e1s necesitados, para ir a evangelizar a las familias, realizando as\u00ed, lo que ya desde el inicio de la Obra se les presentaba:<\/p><p><em>\u2026 las obras apost\u00f3licas necesarias en los tiempos actuales requieren salir de la casa en busca de almas sin esperar que ellas vengan.<\/em><\/p><p>Es esta la realidad apost\u00f3lica tan abundante a la que nuestra Congregaci\u00f3n busca responder y ante la cual no escatima ning\u00fan esfuerzo.<em><br \/><\/em><\/p>\t\t\t\t\t\t\t\t<\/div>\n\t\t\t\t<\/div>\n\t\t\t\t\t<\/div>\n\t\t<\/div>\n\t\t\t\t<div class=\"elementor-column elementor-col-50 elementor-top-column elementor-element elementor-element-661ce769\" data-id=\"661ce769\" data-element_type=\"column\">\n\t\t\t<div class=\"elementor-widget-wrap elementor-element-populated\">\n\t\t\t\t\t\t<div class=\"elementor-element elementor-element-3ff4b132 elementor-widget elementor-widget-text-editor\" data-id=\"3ff4b132\" data-element_type=\"widget\" data-widget_type=\"text-editor.default\">\n\t\t\t\t<div class=\"elementor-widget-container\">\n\t\t\t\t\t\t\t\t\t<p>En la Biograf\u00eda, recordando\u00a0a nuestra Madre, Madre Mar\u00eda escribe:<br \/>\u00abCuando hab\u00edamos comenzado las obras apost\u00f3licas y nos hac\u00eda falta el dinero para<br \/>remediar las necesidades de la pobre gente, tanto ni\u00f1os, como personas mayores, que acud\u00edan a los Centros de Catequesis, como se ha dicho, pareci\u00f3 que la Divina Providencia aprobaba nuestra iniciativa cuando recibimos en el d\u00eda de Navidad, una limosna de cien soles a nombre del Ni\u00f1o Dios. No dej\u00f3 nuestra Madre in\u00fatil esta lecci\u00f3n. Fue generos\u00edsima con los pobres de tal manera que nos asust\u00e1bamos de la facilidad con que le sacaban el dinero. Cuando se le dec\u00eda que pod\u00edan enga\u00f1arle, respond\u00eda: <em>\u201cPrefiero enga\u00f1arme por dar y no por desconfiar\u00bb<\/em>.<\/p><p>Una vez a los finales de<br \/>su vida dijo: \u201c<em>Yo nunca hubiera podido ser feliz sabiendo que hay tantos que sufren\u201d<\/em>. (Biograf\u00eda, p. 150)<br \/>Poco a poco, se va consolidando la experiencia de ser ante todo, Catequistas que buscan dar a conocer a Dios en las familias, a los ni\u00f1os, a los j\u00f3venes, a las madres de familia, a todos se busca dar a conocer el misterio de la libertad hallada en la Cruz y como esta Cruz, se convierte en centro de la sociedad, es as\u00ed que la Catequesis es el ANUNCIO del gozo de ser salvadas y la experiencia de saber el valor redentor de la Cruz de Cristo.<\/p>\t\t\t\t\t\t\t\t<\/div>\n\t\t\t\t<\/div>\n\t\t\t\t\t<\/div>\n\t\t<\/div>\n\t\t\t\t\t<\/div>\n\t\t<\/section>\n\t\t\t\t<section class=\"elementor-section elementor-top-section elementor-element elementor-element-634a118c elementor-section-full_width elementor-section-height-default elementor-section-height-default\" data-id=\"634a118c\" data-element_type=\"section\">\n\t\t\t\t\t\t\t<div class=\"elementor-background-overlay\"><\/div>\n\t\t\t\t\t\t\t<div class=\"elementor-container elementor-column-gap-default\">\n\t\t\t\t\t<div class=\"elementor-column elementor-col-100 elementor-top-column elementor-element elementor-element-2649b325\" data-id=\"2649b325\" data-element_type=\"column\">\n\t\t\t<div class=\"elementor-widget-wrap elementor-element-populated\">\n\t\t\t\t\t\t<div class=\"elementor-element elementor-element-75056519 elementor-widget elementor-widget-spacer\" data-id=\"75056519\" data-element_type=\"widget\" data-widget_type=\"spacer.default\">\n\t\t\t\t<div class=\"elementor-widget-container\">\n\t\t\t\t\t\t\t<div class=\"elementor-spacer\">\n\t\t\t<div class=\"elementor-spacer-inner\"><\/div>\n\t\t<\/div>\n\t\t\t\t\t\t<\/div>\n\t\t\t\t<\/div>\n\t\t\t\t<section class=\"elementor-section elementor-inner-section elementor-element elementor-element-71df8972 elementor-section-boxed elementor-section-height-default elementor-section-height-default\" data-id=\"71df8972\" data-element_type=\"section\">\n\t\t\t\t\t\t\t<div class=\"elementor-background-overlay\"><\/div>\n\t\t\t\t\t\t\t<div class=\"elementor-container elementor-column-gap-default\">\n\t\t\t\t\t<div class=\"elementor-column elementor-col-50 elementor-inner-column elementor-element elementor-element-6f466943\" data-id=\"6f466943\" data-element_type=\"column\" data-settings=\"{&quot;background_background&quot;:&quot;classic&quot;}\">\n\t\t\t<div class=\"elementor-widget-wrap elementor-element-populated\">\n\t\t\t\t\t\t<div class=\"elementor-element elementor-element-82be175 elementor-button-info elementor-align-right elementor-widget__width-initial elementor-widget elementor-widget-button\" data-id=\"82be175\" data-element_type=\"widget\" data-widget_type=\"button.default\">\n\t\t\t\t<div class=\"elementor-widget-container\">\n\t\t\t\t\t\t\t\t\t<div class=\"elementor-button-wrapper\">\n\t\t\t\t\t<a class=\"elementor-button elementor-button-link elementor-size-md elementor-animation-grow\" href=\"https:\/\/www.canonesasdelacruz.org\/?page_id=713\">\n\t\t\t\t\t\t<span class=\"elementor-button-content-wrapper\">\n\t\t\t\t\t\t<span class=\"elementor-button-icon\">\n\t\t\t\t<i aria-hidden=\"true\" class=\"far fa-arrow-alt-circle-left\"><\/i>\t\t\t<\/span>\n\t\t\t\t\t\t\t\t\t<span class=\"elementor-button-text\">Dimensiones de nuestro Carisma<\/span>\n\t\t\t\t\t<\/span>\n\t\t\t\t\t<\/a>\n\t\t\t\t<\/div>\n\t\t\t\t\t\t\t\t<\/div>\n\t\t\t\t<\/div>\n\t\t\t\t\t<\/div>\n\t\t<\/div>\n\t\t\t\t<div class=\"elementor-column elementor-col-50 elementor-inner-column elementor-element elementor-element-1a1c4d15\" data-id=\"1a1c4d15\" data-element_type=\"column\">\n\t\t\t<div class=\"elementor-widget-wrap elementor-element-populated\">\n\t\t\t\t\t\t<div class=\"elementor-element elementor-element-3f4c8eac elementor-button-info elementor-widget__width-initial elementor-widget elementor-widget-button\" data-id=\"3f4c8eac\" data-element_type=\"widget\" data-widget_type=\"button.default\">\n\t\t\t\t<div class=\"elementor-widget-container\">\n\t\t\t\t\t\t\t\t\t<div class=\"elementor-button-wrapper\">\n\t\t\t\t\t<a class=\"elementor-button elementor-button-link elementor-size-md elementor-animation-grow\" href=\"https:\/\/www.canonesasdelacruz.org\/?page_id=831\">\n\t\t\t\t\t\t<span class=\"elementor-button-content-wrapper\">\n\t\t\t\t\t\t<span class=\"elementor-button-icon\">\n\t\t\t\t<i aria-hidden=\"true\" class=\"far fa-arrow-alt-circle-right\"><\/i>\t\t\t<\/span>\n\t\t\t\t\t\t\t\t\t<span class=\"elementor-button-text\">Liturgia<\/span>\n\t\t\t\t\t<\/span>\n\t\t\t\t\t<\/a>\n\t\t\t\t<\/div>\n\t\t\t\t\t\t\t\t<\/div>\n\t\t\t\t<\/div>\n\t\t\t\t\t<\/div>\n\t\t<\/div>\n\t\t\t\t\t<\/div>\n\t\t<\/section>\n\t\t\t\t<div class=\"elementor-element elementor-element-67cf44d7 elementor-widget elementor-widget-spacer\" data-id=\"67cf44d7\" data-element_type=\"widget\" data-widget_type=\"spacer.default\">\n\t\t\t\t<div class=\"elementor-widget-container\">\n\t\t\t\t\t\t\t<div class=\"elementor-spacer\">\n\t\t\t<div class=\"elementor-spacer-inner\"><\/div>\n\t\t<\/div>\n\t\t\t\t\t\t<\/div>\n\t\t\t\t<\/div>\n\t\t\t\t\t<\/div>\n\t\t<\/div>\n\t\t\t\t\t<\/div>\n\t\t<\/section>\n\t\t\t\t<\/div>\n\t\t","protected":false},"excerpt":{"rendered":"<p>Acciones en el Siglo XXI CATEQUESIS Desde el inicio de nuestra Familia religiosa nos encontramos con que la manera en que Teresa y sus posteriores compa\u00f1eras extendieron el Reino de Jesucristo fue la Catequesis. A lo largo de los a\u00f1os 1907 a 1919, Teresa y su hermana Mar\u00eda fueron insignes Catequistas de la Parroquia \u201cEl [&hellip;]<\/p>\n","protected":false},"author":1,"featured_media":0,"parent":0,"menu_order":0,"comment_status":"closed","ping_status":"closed","template":"","meta":{"footnotes":""},"class_list":["post-823","page","type-page","status-publish","hentry"],"_links":{"self":[{"href":"https:\/\/www.canonesasdelacruz.org\/index.php?rest_route=\/wp\/v2\/pages\/823","targetHints":{"allow":["GET"]}}],"collection":[{"href":"https:\/\/www.canonesasdelacruz.org\/index.php?rest_route=\/wp\/v2\/pages"}],"about":[{"href":"https:\/\/www.canonesasdelacruz.org\/index.php?rest_route=\/wp\/v2\/types\/page"}],"author":[{"embeddable":true,"href":"https:\/\/www.canonesasdelacruz.org\/index.php?rest_route=\/wp\/v2\/users\/1"}],"replies":[{"embeddable":true,"href":"https:\/\/www.canonesasdelacruz.org\/index.php?rest_route=%2Fwp%2Fv2%2Fcomments&post=823"}],"version-history":[{"count":37,"href":"https:\/\/www.canonesasdelacruz.org\/index.php?rest_route=\/wp\/v2\/pages\/823\/revisions"}],"predecessor-version":[{"id":917,"href":"https:\/\/www.canonesasdelacruz.org\/index.php?rest_route=\/wp\/v2\/pages\/823\/revisions\/917"}],"wp:attachment":[{"href":"https:\/\/www.canonesasdelacruz.org\/index.php?rest_route=%2Fwp%2Fv2%2Fmedia&parent=823"}],"curies":[{"name":"wp","href":"https:\/\/api.w.org\/{rel}","templated":true}]}}